{"id":13363,"date":"2025-11-14T20:18:13","date_gmt":"2025-11-14T20:18:13","guid":{"rendered":"https:\/\/brisk-restaurant.com\/?post_type=product&#038;p=13363"},"modified":"2026-01-25T14:03:56","modified_gmt":"2026-01-25T14:03:56","slug":"creme-brulee","status":"publish","type":"product","link":"https:\/\/brisk-restaurant.com\/it\/product\/creme-brulee\/","title":{"rendered":"Cr\u00e8me br\u00fbl\u00e9e"},"content":{"rendered":"","protected":false},"excerpt":{"rendered":"<p data-start=\"125\" data-end=\"236\">Mandorle tostate caramellate (Mandorla di Cefalonia), arancia.<\/p>","protected":false},"featured_media":13643,"template":"","meta":[],"product_brand":[],"product_cat":[98],"product_tag":[],"class_list":{"0":"post-13363","1":"product","2":"type-product","3":"status-publish","4":"has-post-thumbnail","6":"product_cat-desserts","8":"first","9":"instock","10":"shipping-taxable","11":"purchasable","12":"product-type-simple"},"_links":{"self":[{"href":"https:\/\/brisk-restaurant.com\/it\/wp-json\/wp\/v2\/product\/13363","targetHints":{"allow":["GET"]}}],"collection":[{"href":"https:\/\/brisk-restaurant.com\/it\/wp-json\/wp\/v2\/product"}],"about":[{"href":"https:\/\/brisk-restaurant.com\/it\/wp-json\/wp\/v2\/types\/product"}],"wp:featuredmedia":[{"embeddable":true,"href":"https:\/\/brisk-restaurant.com\/it\/wp-json\/wp\/v2\/media\/13643"}],"wp:attachment":[{"href":"https:\/\/brisk-restaurant.com\/it\/wp-json\/wp\/v2\/media?parent=13363"}],"wp:term":[{"taxonomy":"product_brand","embeddable":true,"href":"https:\/\/brisk-restaurant.com\/it\/wp-json\/wp\/v2\/product_brand?post=13363"},{"taxonomy":"product_cat","embeddable":true,"href":"https:\/\/brisk-restaurant.com\/it\/wp-json\/wp\/v2\/product_cat?post=13363"},{"taxonomy":"product_tag","embeddable":true,"href":"https:\/\/brisk-restaurant.com\/it\/wp-json\/wp\/v2\/product_tag?post=13363"}],"curies":[{"name":"wp","href":"https:\/\/api.w.org\/{rel}","templated":true}]}}