{"id":1305,"date":"2020-06-14T12:08:23","date_gmt":"2020-06-14T12:08:23","guid":{"rendered":"http:\/\/redhost:8888\/soulkitchen\/?page_id=1305"},"modified":"2026-02-11T14:32:14","modified_gmt":"2026-02-11T14:32:14","slug":"about","status":"publish","type":"page","link":"https:\/\/brisk-restaurant.com\/it\/about\/","title":{"rendered":"About"},"content":{"rendered":"<section id=\"contentboxes-mb-block-4cd41528-826e-4f56-b894-887ab9afe84c\" class=\"section section-contentboxes  alignfull\">\r\n\r\n\t\t<div class=\"contentboxes-wrap none\"  >\r\n\t\t\t\t\t<div class=\"contentboxes-masonry\">\r\n\r\n\t\t\t\t<div class=\"grid-sizer-contentboxes\"><\/div>\r\n\r\n\t\t\t\t\r\n\t\t\t\t<div class=\"content-box- contentboxes-image-wrap bg-color half-width square mobile-uncropped   content-white has-vertical-text has-content cb-mobile-content-center cb-mobile-content-vertical-leave\"  data-aos=\"fade-up\" data-aos-delay=\"100\"   style=\"order:2\"  >\r\n\r\n\t\t\t\t\t<div class=\"contentboxes-image-wrap-inner\">\r\n\r\n                    \r\n\t\t\t\t\t\r\n\t\t\t\t\t\t<div class=\"contentboxes-zoom-wrap\">\r\n\t\t\t\t\t\t\r\n\t\t\t\t\t\t\r\n\t\t\t\t\t\t\r\n\t\t\t\t\t\t\t<div class=\"contentboxes-content-wrap centered-content contentboxes-content-right contentboxes-content-middle\"  style=\"background-color: #171817\"  >\r\n\r\n\t\t\t\t\t\t\t\t\t\t\t\t\t\t\t\t<div class=\"contentboxes-content section-content\">\r\n\t\t\t\t\t\t\t\t\t\t\t\t\t\t\t\t\t\t\t<span class=\"contentboxes-vertical vertical-text use-body-font\">Benvenuti da Brisk<\/span>\r\n\t\t\t\t\t\t\t\t\t\t\t\t\t\t\t\t\t\t\t\t\t\t\t\t\t\t\t\t\t\t\t\t\t\t                \t<h2  class=\"contentboxes-content-item contentboxes-title\"  data-aos=\"slide-up\"  >Eccellenza nella semplicit\u00e0<\/h2>\r\n\t\t\t\t\t\t\t                \t\t\t\t\t\t\t                \t\t\t\t\t\t\t                \t\t\t\t\t\t\t                \t<div class=\"contentboxes-content-item contentboxes-text\"  data-aos=\"fade-right\" data-aos-delay=\"340\"  >Da Brisk, il fascino della taverna incontra la raffinatezza del ristorante in una vibrante celebrazione del gusto. Gli ingredienti quotidiani vengono trasformati grazie a un\u2019armonia di tecniche tradizionali e moderne, dando vita a piatti allo stesso tempo confortanti e ispirati. Ogni portata riflette la nostra passione e dedizione per sapori audaci e autentici.<\/div>\r\n\t\t\t\t\t\t\t                \t\t\t\t\t\t\t                \t\t\t\t\t\t        \t<\/div>\r\n\t\t\t\t\t\t        \t\r\n\t\t\t\t\t\t\t\t\t\t\t\t\t\r\n\t\t\t\t\t\t<\/div>\r\n\t\t\t\t\t<\/div>\r\n\t\t\t\t\t<\/div>\r\n\r\n\t\t\t\t\t\t   \t \r\n\t\t\t\t<\/div>\r\n\t\t\t\t\t\r\n\t\t\t\r\n\t\t\t\t<div class=\"content-box-13203 contentboxes-image-wrap bg-image half-width square mobile-uncropped   content-white no-vertical-text no-content cb-mobile-content-leave cb-mobile-content-vertical-leave\"  data-aos=\"fade-up\" data-aos-delay=\"200\"   style=\"order:1\"  >\r\n\r\n\t\t\t\t\t<div class=\"contentboxes-image-wrap-inner\">\r\n\r\n                    \r\n\t\t\t\t\t\r\n\t\t\t\t\t\t<div class=\"contentboxes-zoom-wrap\">\r\n\t\t\t\t\t\t\r\n\t\t\t\t\t\t\t\t\t\t\t\t\t<div class=\"contentboxbgimage lazyload\" style=\"background-image:inherit;\" data-bg-image=\"url(https:\/\/brisk-restaurant.com\/wp-content\/smush-webp\/2025\/11\/MICH0981.jpg.webp)\" data-smush-webp-fallback=\"{&quot;data-bg-image&quot;:&quot;url(https:\\\/\\\/brisk-restaurant.com\\\/wp-content\\\/uploads\\\/2025\\\/11\\\/MICH0981.jpg)&quot;}\"><\/div> \r\n\t\t\t\t\t\t\t\t\t\t\t\t<div class=\"contentbox-overlay   gradient-contentboxes-content-middle\" >\r\n\t\t\t\t\t\t\r\n\t\t\t\t\t\t\t<div class=\"contentboxes-content-wrap centered-content contentboxes-content-center contentboxes-content-middle\"  >\r\n\r\n\t\t\t\t\t\t\t\t\r\n\t\t\t\t\t\t\t\t\t\t\t\t\t\t<\/div>\r\n\t\t\t\t\t\t\t\t\t\t\t\t\t\r\n\t\t\t\t\t\t<\/div>\r\n\t\t\t\t\t<\/div>\r\n\t\t\t\t\t<\/div>\r\n\r\n\t\t\t\t\t\t   \t \r\n\t\t\t\t<\/div>\r\n\t\t\t\t\t\r\n\t\t\t\t\t\t<\/div>\r\n\t\t\t\t<\/div>\r\n\r\n\t<\/section> \r\n\r\n\n\n\r\n\t<section id=\"contentboxes-mb-block-892ab0e3-7ed2-4d60-b789-7a617c6c7f2d\" class=\"section section-contentboxes  alignfull\">\r\n\r\n\t\t<div class=\"contentboxes-wrap none\"  >\r\n\t\t\t\t\t<div class=\"contentboxes-masonry\">\r\n\r\n\t\t\t\t<div class=\"grid-sizer-contentboxes\"><\/div>\r\n\r\n\t\t\t\t\r\n\t\t\t\t<div class=\"content-box-13199 contentboxes-image-wrap bg-image half-width square mobile-uncropped   content-dark has-vertical-text has-content cb-mobile-content-center cb-mobile-content-vertical-middle cpm-change\"  data-aos=\"fade-up\" data-aos-delay=\"100\"   >\r\n\r\n\t\t\t\t\t<div class=\"contentboxes-image-wrap-inner\">\r\n\r\n                    \r\n\t\t\t\t\t\r\n\t\t\t\t\t\t<div class=\"contentboxes-zoom-wrap\">\r\n\t\t\t\t\t\t\r\n\t\t\t\t\t\t\t\t\t\t\t\t\t<div class=\"contentboxbgimage lazyload\" style=\"background-image:inherit;\" data-bg-image=\"url(https:\/\/brisk-restaurant.com\/wp-content\/smush-webp\/2025\/11\/MICH0535.jpg.webp)\" data-smush-webp-fallback=\"{&quot;data-bg-image&quot;:&quot;url(https:\\\/\\\/brisk-restaurant.com\\\/wp-content\\\/uploads\\\/2025\\\/11\\\/MICH0535.jpg)&quot;}\"><\/div> \r\n\t\t\t\t\t\t\t\t\t\t\t\t<div class=\"contentbox-overlay   gradient-contentboxes-content-middle\" >\r\n\t\t\t\t\t\t\r\n\t\t\t\t\t\t\t<div class=\"contentboxes-content-wrap centered-content contentboxes-content-center contentboxes-content-middle\"  >\r\n\r\n\t\t\t\t\t\t\t\t\t\t\t\t\t\t\t\t<div class=\"contentboxes-content section-content\">\r\n\t\t\t\t\t\t\t\t\t\t\t\t\t\t\t\t\t\t\t<span class=\"contentboxes-vertical vertical-text use-body-font\">Benvenuti da Brisk<\/span>\r\n\t\t\t\t\t\t\t\t\t\t\t\t\t\t\t\t\t\t\t\t\t\t\t\t\t\t\t\t\t\t\t\t\t\t                \t\t\t\t\t\t\t                \t\t\t\t\t\t\t                \t\t\t\t\t\t        \t<\/div>\r\n\t\t\t\t\t\t        \t\r\n\t\t\t\t\t\t\t\t\t\t\t\t\t\t<\/div>\r\n\t\t\t\t\t\t\t\t\t\t\t\t\t\r\n\t\t\t\t\t\t<\/div>\r\n\t\t\t\t\t<\/div>\r\n\t\t\t\t\t<\/div>\r\n\r\n\t\t\t\t\t\t   \t \r\n\t\t\t\t<\/div>\r\n\t\t\t\t\t\r\n\t\t\t\r\n\t\t\t\t<div class=\"content-box- contentboxes-image-wrap bg-none half-width square mobile-uncropped    has-vertical-text has-content cb-mobile-content-center cb-mobile-content-vertical-middle cpm-change\"  data-aos=\"fade-up\" data-aos-delay=\"200\"   >\r\n\r\n\t\t\t\t\t<div class=\"contentboxes-image-wrap-inner\">\r\n\r\n                    \r\n\t\t\t\t\t\r\n\t\t\t\t\t\t<div class=\"contentboxes-zoom-wrap\">\r\n\t\t\t\t\t\t\r\n\t\t\t\t\t\t\r\n\t\t\t\t\t\t\r\n\t\t\t\t\t\t\t<div class=\"contentboxes-content-wrap centered-content contentboxes-content-left contentboxes-content-middle\"  >\r\n\r\n\t\t\t\t\t\t\t\t\t\t\t\t\t\t\t\t<div class=\"contentboxes-content section-content\">\r\n\t\t\t\t\t\t\t\t\t\t\t\t\t\t\t\t\t\t\t<span class=\"contentboxes-vertical vertical-text use-body-font\">Benvenuti da Brisk<\/span>\r\n\t\t\t\t\t\t\t\t\t\t\t\t\t\t\t\t\t\t\t\t\t\t\t\t\t\t\t\t\t\t\t\t\t\t                \t<h2  class=\"contentboxes-content-item contentboxes-title\"  data-aos=\"slide-up\"  >Una storia di\r\n<em>ingredienti<\/em><\/h2>\r\n\t\t\t\t\t\t\t                \t\t\t\t\t\t\t                \t\t\t\t\t\t\t                \t\t\t\t\t\t\t                \t<div class=\"contentboxes-content-item contentboxes-text\"  data-aos=\"fade-right\" data-aos-delay=\"340\"  >Al centro della nostra filosofia c\u2019\u00e8 un gusto totalmente senza compromessi \u2014 semplice, genuino, eppure straordinario, con ogni morso che parla all\u2019anima. Nel nostro ristorante, trattiamo gli ospiti come famiglia, selezionando e preparando ogni ingrediente con cura meticolosa. Ogni piatto \u00e8 pensato e servito con il calore e la sincerit\u00e0 che riflettono il nostro impegno costante verso la vera ospitalit\u00e0.<\/div>\r\n\t\t\t\t\t\t\t                \t\t\t\t\t\t\t                \t\t\t\t\t\t        \t<\/div>\r\n\t\t\t\t\t\t        \t\r\n\t\t\t\t\t\t\t\t\t\t\t\t\t\r\n\t\t\t\t\t\t<\/div>\r\n\t\t\t\t\t<\/div>\r\n\t\t\t\t\t<\/div>\r\n\r\n\t\t\t\t\t\t   \t \r\n\t\t\t\t<\/div>\r\n\t\t\t\t\t\r\n\t\t\t\t\t\t<\/div>\r\n\t\t\t\t<\/div>\r\n\r\n\t<\/section> \r\n\r\n\n\n\r\n\t<section id=\"contentboxes-mb-block-a133870a-6bd6-4482-bab3-2d7932dfd51a\" class=\"section section-contentboxes  alignfull\">\r\n\r\n\t\t<div class=\"contentboxes-wrap none\"  >\r\n\t\t\t\t\t<div class=\"contentboxes-masonry\">\r\n\r\n\t\t\t\t<div class=\"grid-sizer-contentboxes\"><\/div>\r\n\r\n\t\t\t\t\r\n\t\t\t\t<div class=\"content-box- contentboxes-image-wrap bg-none half-width square mobile-uncropped   content-dark has-vertical-text has-content cb-mobile-content-center cb-mobile-content-vertical-leave\"  data-aos=\"fade-up\" data-aos-delay=\"100\"   style=\"order:2\"  >\r\n\r\n\t\t\t\t\t<div class=\"contentboxes-image-wrap-inner\">\r\n\r\n                    \r\n\t\t\t\t\t\r\n\t\t\t\t\t\t<div class=\"contentboxes-zoom-wrap\">\r\n\t\t\t\t\t\t\r\n\t\t\t\t\t\t\r\n\t\t\t\t\t\t\r\n\t\t\t\t\t\t\t<div class=\"contentboxes-content-wrap centered-content contentboxes-content-right contentboxes-content-middle\"  >\r\n\r\n\t\t\t\t\t\t\t\t\t\t\t\t\t\t\t\t<div class=\"contentboxes-content section-content\">\r\n\t\t\t\t\t\t\t\t\t\t\t\t\t\t\t\t\t\t\t<span class=\"contentboxes-vertical vertical-text use-body-font\">Benvenuti da Brisk<\/span>\r\n\t\t\t\t\t\t\t\t\t\t\t\t\t\t\t\t\t\t\t\t\t\t\t\t\t\t\t\t\t\t\t\t\t\t                \t<h2  class=\"contentboxes-content-item contentboxes-title\"  data-aos=\"slide-up\"  >Dove la qualit\u00e0 incontra <em>la perfezione<\/em><\/h2>\r\n\t\t\t\t\t\t\t                \t\t\t\t\t\t\t                \t\t\t\t\t\t\t                \t\t\t\t\t\t\t                \t<div class=\"contentboxes-content-item contentboxes-text\"  data-aos=\"fade-right\" data-aos-delay=\"340\"  >La nostra cucina affonda le radici in ingredienti eccezionali e in una lavorazione attenta \u2014 semplice, genuina, eppure straordinaria, con ogni boccone che celebra il sapore. Selezioniamo i migliori oli d\u2019oliva e i prodotti di stagione di Corf\u00f9, formaggi e salumi artigianali, carni pregiate e frutti di mare selezionati. Pasta fatta a mano e pane cotto a legna si uniscono, formando le basi della nostra identit\u00e0 culinaria e guidando ogni piatto.<\/div>\r\n\t\t\t\t\t\t\t                \t\t\t\t\t\t\t                \t\t\t\t\t\t        \t<\/div>\r\n\t\t\t\t\t\t        \t\r\n\t\t\t\t\t\t\t\t\t\t\t\t\t\r\n\t\t\t\t\t\t<\/div>\r\n\t\t\t\t\t<\/div>\r\n\t\t\t\t\t<\/div>\r\n\r\n\t\t\t\t\t\t   \t \r\n\t\t\t\t<\/div>\r\n\t\t\t\t\t\r\n\t\t\t\r\n\t\t\t\t<div class=\"content-box-13194 contentboxes-image-wrap bg-image half-width square mobile-uncropped    no-vertical-text no-content cb-mobile-content-leave cb-mobile-content-vertical-leave\"  data-aos=\"fade-up\" data-aos-delay=\"200\"   style=\"order:1\"  >\r\n\r\n\t\t\t\t\t<div class=\"contentboxes-image-wrap-inner\">\r\n\r\n                    \r\n\t\t\t\t\t\r\n\t\t\t\t\t\t<div class=\"contentboxes-zoom-wrap\">\r\n\t\t\t\t\t\t\r\n\t\t\t\t\t\t\t\t\t\t\t\t\t<div class=\"contentboxbgimage lazyload\" style=\"background-image:inherit;\" data-bg-image=\"url(https:\/\/brisk-restaurant.com\/wp-content\/smush-webp\/2025\/11\/8R7A9715-1094x1600.jpg.webp)\" data-smush-webp-fallback=\"{&quot;data-bg-image&quot;:&quot;url(https:\\\/\\\/brisk-restaurant.com\\\/wp-content\\\/uploads\\\/2025\\\/11\\\/8R7A9715-1094x1600.jpg)&quot;}\"><\/div> \r\n\t\t\t\t\t\t\t\t\t\t\t\t<div class=\"contentbox-overlay   gradient-contentboxes-content-middle\" >\r\n\t\t\t\t\t\t\r\n\t\t\t\t\t\t\t<div class=\"contentboxes-content-wrap centered-content contentboxes-content-center contentboxes-content-middle\"  >\r\n\r\n\t\t\t\t\t\t\t\t\r\n\t\t\t\t\t\t\t\t\t\t\t\t\t\t<\/div>\r\n\t\t\t\t\t\t\t\t\t\t\t\t\t\r\n\t\t\t\t\t\t<\/div>\r\n\t\t\t\t\t<\/div>\r\n\t\t\t\t\t<\/div>\r\n\r\n\t\t\t\t\t\t   \t \r\n\t\t\t\t<\/div>\r\n\t\t\t\t\t\r\n\t\t\t\t\t\t<\/div>\r\n\t\t\t\t<\/div>\r\n\r\n\t<\/section>","protected":false},"excerpt":{"rendered":"","protected":false},"author":1,"featured_media":0,"parent":0,"menu_order":27,"comment_status":"closed","ping_status":"closed","template":"","meta":{"footnotes":""},"class_list":["post-1305","page","type-page","status-publish","hentry"],"_links":{"self":[{"href":"https:\/\/brisk-restaurant.com\/it\/wp-json\/wp\/v2\/pages\/1305","targetHints":{"allow":["GET"]}}],"collection":[{"href":"https:\/\/brisk-restaurant.com\/it\/wp-json\/wp\/v2\/pages"}],"about":[{"href":"https:\/\/brisk-restaurant.com\/it\/wp-json\/wp\/v2\/types\/page"}],"author":[{"embeddable":true,"href":"https:\/\/brisk-restaurant.com\/it\/wp-json\/wp\/v2\/users\/1"}],"replies":[{"embeddable":true,"href":"https:\/\/brisk-restaurant.com\/it\/wp-json\/wp\/v2\/comments?post=1305"}],"version-history":[{"count":0,"href":"https:\/\/brisk-restaurant.com\/it\/wp-json\/wp\/v2\/pages\/1305\/revisions"}],"wp:attachment":[{"href":"https:\/\/brisk-restaurant.com\/it\/wp-json\/wp\/v2\/media?parent=1305"}],"curies":[{"name":"wp","href":"https:\/\/api.w.org\/{rel}","templated":true}]}}